{"id":754,"date":"2025-11-11T11:01:22","date_gmt":"2025-11-11T11:01:22","guid":{"rendered":"https:\/\/behcetsahin.com\/hasta-galeri\/"},"modified":"2025-11-11T11:01:22","modified_gmt":"2025-11-11T11:01:22","slug":"hasta-galeri","status":"publish","type":"page","link":"https:\/\/behcetsahin.com\/en\/hasta-galeri\/","title":{"rendered":"Uygulama Sonu\u00e7lar\u0131m\u0131z"},"content":{"rendered":"","protected":false},"excerpt":{"rendered":"","protected":false},"author":1,"featured_media":0,"parent":0,"menu_order":0,"comment_status":"open","ping_status":"closed","template":"","meta":{"footnotes":""},"class_list":["post-754","page","type-page","status-publish","hentry"],"_hostinger_reach_plugin_has_subscription_block":false,"_hostinger_reach_plugin_is_elementor":false,"_links":{"self":[{"href":"https:\/\/behcetsahin.com\/en\/wp-json\/wp\/v2\/pages\/754","targetHints":{"allow":["GET"]}}],"collection":[{"href":"https:\/\/behcetsahin.com\/en\/wp-json\/wp\/v2\/pages"}],"about":[{"href":"https:\/\/behcetsahin.com\/en\/wp-json\/wp\/v2\/types\/page"}],"author":[{"embeddable":true,"href":"https:\/\/behcetsahin.com\/en\/wp-json\/wp\/v2\/users\/1"}],"replies":[{"embeddable":true,"href":"https:\/\/behcetsahin.com\/en\/wp-json\/wp\/v2\/comments?post=754"}],"version-history":[{"count":0,"href":"https:\/\/behcetsahin.com\/en\/wp-json\/wp\/v2\/pages\/754\/revisions"}],"wp:attachment":[{"href":"https:\/\/behcetsahin.com\/en\/wp-json\/wp\/v2\/media?parent=754"}],"curies":[{"name":"wp","href":"https:\/\/api.w.org\/{rel}","templated":true}]}}